{"id":6967,"date":"2024-12-24T16:31:26","date_gmt":"2024-12-24T15:31:26","guid":{"rendered":"https:\/\/comite-ecologique-ariegeois.org\/?page_id=6967"},"modified":"2025-01-15T16:47:14","modified_gmt":"2025-01-15T15:47:14","slug":"mentions-legales-et-credits","status":"publish","type":"page","link":"https:\/\/comite-ecologique-ariegeois.org\/?page_id=6967","title":{"rendered":"Mentions l\u00e9gales et Cr\u00e9dits"},"content":{"rendered":"\t\t<div data-elementor-type=\"wp-page\" data-elementor-id=\"6967\" class=\"elementor elementor-6967\">\n\t\t\t\t<div class=\"elementor-element elementor-element-651e8f75 e-flex e-con-boxed e-con e-parent\" data-id=\"651e8f75\" data-element_type=\"container\">\n\t\t\t\t\t<div class=\"e-con-inner\">\n\t\t\t\t<div class=\"elementor-element elementor-element-afa30ed elementor-widget elementor-widget-spacer\" data-id=\"afa30ed\" data-element_type=\"widget\" data-widget_type=\"spacer.default\">\n\t\t\t\t<div class=\"elementor-widget-container\">\n\t\t\t\t\t\t\t<div class=\"elementor-spacer\">\n\t\t\t<div class=\"elementor-spacer-inner\"><\/div>\n\t\t<\/div>\n\t\t\t\t\t\t<\/div>\n\t\t\t\t<\/div>\n\t\t\t\t<div class=\"elementor-element elementor-element-85356bd elementor-widget elementor-widget-heading\" data-id=\"85356bd\" data-element_type=\"widget\" data-widget_type=\"heading.default\">\n\t\t\t\t<div class=\"elementor-widget-container\">\n\t\t\t\t\t<h1 class=\"elementor-heading-title elementor-size-default\"><a href=\"#Montagne\">Mentions l\u00e9gales\n\net cr\u00e9dits<\/a><\/h1>\t\t\t\t<\/div>\n\t\t\t\t<\/div>\n\t\t\t\t<div class=\"elementor-element elementor-element-01abe25 elementor-widget elementor-widget-text-editor\" data-id=\"01abe25\" data-element_type=\"widget\" data-widget_type=\"text-editor.default\">\n\t\t\t\t<div class=\"elementor-widget-container\">\n\t\t\t\t\t\t\t\t\t<p><em>Derni\u00e8re modification 13 janvier 2024<br \/>Loi n\u00b0\u00a02004-575 du 21 juin 2004 pour la confiance dans l\u2019\u00e9conomie num\u00e9rique (LCEN)<\/em><\/p>\t\t\t\t\t\t\t\t<\/div>\n\t\t\t\t<\/div>\n\t\t\t\t<div class=\"elementor-element elementor-element-cf510b1 elementor-widget elementor-widget-heading\" data-id=\"cf510b1\" data-element_type=\"widget\" data-widget_type=\"heading.default\">\n\t\t\t\t<div class=\"elementor-widget-container\">\n\t\t\t\t\t<h3 class=\"elementor-heading-title elementor-size-default\"><a href=\"#Montagne\">Propri\u00e9taire du site<\/a><\/h3>\t\t\t\t<\/div>\n\t\t\t\t<\/div>\n\t\t\t\t<div class=\"elementor-element elementor-element-6ab24bd elementor-widget elementor-widget-text-editor\" data-id=\"6ab24bd\" data-element_type=\"widget\" data-widget_type=\"text-editor.default\">\n\t\t\t\t<div class=\"elementor-widget-container\">\n\t\t\t\t\t\t\t\t\t<p>Le site Internet sis \u00e0 l\u2019adresse <a href=\"http:\/\/cea09ecologie.org\/\">https:\/\/comite-ecologique-ariegeois.org<\/a>\u00a0est le site officiel de\u00a0l\u2019association<br \/>Comit\u00e9 \u00c9cologique Ari\u00e9geois (CEA)<br \/>Si\u00e8ge Social depuis octobre 2020 :<br \/>CCAS 3, mairie, route de Pamiers, 09130 Pailh\u00e8s<b><br \/><\/b><span style=\"color: var( --e-global-color-text ); background-color: var(--nv-site-bg); font-size: var(--bodyfontsize); letter-spacing: var(--bodyletterspacing); text-transform: var(--bodytexttransform);\">N\u00b0SIRET\u00a0: 379 962 467 00062 (du 26 avril 2023)<\/span><\/p><p><span style=\"color: var( --e-global-color-text ); background-color: var(--nv-site-bg); font-size: var(--bodyfontsize); letter-spacing: var(--bodyletterspacing); text-transform: var(--bodytexttransform);\">Le site est h\u00e9berg\u00e9 par Gandi\u00a0<\/span><span style=\"color: var( --e-global-color-text ); background-color: var(--nv-site-bg); font-size: var(--bodyfontsize); letter-spacing: var(--bodyletterspacing); text-transform: var(--bodytexttransform);\">sur le serveur de l\u2019association\u00a0<\/span><a style=\"background-color: var(--nv-site-bg); font-size: var(--bodyfontsize); letter-spacing: var(--bodyletterspacing); text-transform: var(--bodytexttransform); --linkdeco: underline;\" href=\"https:\/\/www.le-pic.org\/\">Le Pic<\/a><span style=\"color: var( --e-global-color-text ); background-color: var(--nv-site-bg); font-size: var(--bodyfontsize); letter-spacing: var(--bodyletterspacing); text-transform: var(--bodytexttransform);\">.<\/span><\/p>\t\t\t\t\t\t\t\t<\/div>\n\t\t\t\t<\/div>\n\t\t\t\t<div class=\"elementor-element elementor-element-4f1962f elementor-widget elementor-widget-heading\" data-id=\"4f1962f\" data-element_type=\"widget\" data-widget_type=\"heading.default\">\n\t\t\t\t<div class=\"elementor-widget-container\">\n\t\t\t\t\t<h3 class=\"elementor-heading-title elementor-size-default\"><a href=\"#Montagne\">Agr\u00e9ments et habilitations<\/a><\/h3>\t\t\t\t<\/div>\n\t\t\t\t<\/div>\n\t\t\t\t<div class=\"elementor-element elementor-element-3ee092c elementor-widget elementor-widget-text-editor\" data-id=\"3ee092c\" data-element_type=\"widget\" data-widget_type=\"text-editor.default\">\n\t\t\t\t<div class=\"elementor-widget-container\">\n\t\t\t\t\t\t\t\t\t<h1 style=\"font-size: var(--h1fontsize); font-weight: var(--h1fontweight); font-family: Roboto, sans-serif; line-height: var(--h1lineheight); letter-spacing: normal; text-transform: none; text-align: start;\"><span style=\"color: var( --e-global-color-text ); font-family: var( --e-global-typography-text-font-family ), Sans-serif; font-weight: var( --e-global-typography-text-font-weight ); text-align: var(--text-align); background-color: var(--nv-site-bg); font-size: var(--bodyfontsize); letter-spacing: var(--bodyletterspacing); text-transform: var(--bodytexttransform);\">L\u2019association est agr\u00e9\u00e9e dans deux domaines<\/span><span style=\"color: var( --e-global-color-text ); font-family: var( --e-global-typography-text-font-family ), Sans-serif; font-weight: var( --e-global-typography-text-font-weight ); font-size: var(--bodyfontsize); letter-spacing: var(--bodyletterspacing); text-transform: var(--bodytexttransform); text-align: justify; background-color: var(--nv-site-bg);\">\u00a0<\/span><span style=\"color: var( --e-global-color-text ); font-family: var( --e-global-typography-text-font-family ), Sans-serif; font-weight: var( --e-global-typography-text-font-weight ); text-align: var(--text-align); font-size: var(--bodyfontsize); letter-spacing: var(--bodyletterspacing); text-transform: var(--bodytexttransform); background-color: var(--nv-site-bg);\">:<\/span><\/h1><div><ul style=\"padding-left: var(--listpad,0); list-style: var(--liststyle,none); text-align: left;\"><li>Protection de la nature et de l\u2019environnement en Ari\u00e8ge par arr\u00eat\u00e9 pr\u00e9fectoral du 17 f\u00e9vrier 1992, renouvel\u00e9 le xx\/xx 2024, ce qui nous permet de si\u00e9ger et d\u2019intervenir dans les instances d\u00e9partementales administratives et judiciaires.<\/li><\/ul><ul style=\"padding-left: var(--listpad,0); list-style: var(--liststyle,none); text-align: left;\"><li>Au titre du code de l\u2019Urbanisme (Art. L 160-1 et L 480-1), ce qui nous permet d\u2019intervenir juridiquement dans les domaines touchant l\u2019urbanisme, le PLU, le SCOT, etc.<\/li><\/ul><\/div><p style=\"text-align: start;\"><span style=\"background-color: var(--nv-site-bg); color: var( --e-global-color-text ); font-size: var(--bodyfontsize); letter-spacing: var(--bodyletterspacing); text-transform: var(--bodytexttransform); text-align: justify;\">Ces agr\u00e9ments autorisent les adh\u00e9rents \u00e0 d\u00e9duire fiscalement leur don et leur adh\u00e9sion \u00e0 l\u2019association<\/span><span style=\"color: var( --e-global-color-text ); background-color: var(--nv-site-bg); font-size: var(--bodyfontsize); letter-spacing: var(--bodyletterspacing); text-transform: var(--bodytexttransform);\">.<\/span><\/p><p style=\"text-align: start;\">Le CEA a \u00e9galement une habilitation pr\u00e9fectorale renouvel\u00e9e le 16 octobre 2018 lui permettant de participer aux commissions consultatives d\u00e9partementales.<\/p>\t\t\t\t\t\t\t\t<\/div>\n\t\t\t\t<\/div>\n\t\t\t\t<div class=\"elementor-element elementor-element-c0e680e elementor-widget elementor-widget-heading\" data-id=\"c0e680e\" data-element_type=\"widget\" data-widget_type=\"heading.default\">\n\t\t\t\t<div class=\"elementor-widget-container\">\n\t\t\t\t\t<h3 class=\"elementor-heading-title elementor-size-default\"><a href=\"#Montagne\">Responsables de la publication<\/a><\/h3>\t\t\t\t<\/div>\n\t\t\t\t<\/div>\n\t\t\t\t<div class=\"elementor-element elementor-element-60b5f58 elementor-widget elementor-widget-text-editor\" data-id=\"60b5f58\" data-element_type=\"widget\" data-widget_type=\"text-editor.default\">\n\t\t\t\t<div class=\"elementor-widget-container\">\n\t\t\t\t\t\t\t\t\t<p><b>L\u00e9gal&nbsp;:<\/b>&nbsp;Marcel Ricordeau (co-pr\u00e9sident), Jean-Pierre Delorme (co-pr\u00e9sident), Daniel Strub (co-pr\u00e9sident)<br><b>R\u00e9dactionnel&nbsp;:<\/b> Marcel Ricordeau (co-pr\u00e9sident), Natacha Delpoux (administratrice), Agn\u00e8s Leclerc (co-secr\u00e9taire), Cornelia Mayer (co-secr\u00e9taire) Gwennyn Tanguy.<\/p>\n<p>Contact par courrier postal \u00e0 l\u2019adresse du si\u00e8ge social : Comit\u00e9 \u00c9cologique Ari\u00e9geois, Mairie de Pailh\u00e8s BP n\u00b03 \u2013&nbsp;4 route de Pamiers&nbsp;<span style=\"color: var( --e-global-color-text ); font-size: var(--bodyfontsize); letter-spacing: var(--bodyletterspacing); text-transform: var(--bodytexttransform); background-color: var(--nv-site-bg);\">\u2013&nbsp;<\/span><span style=\"color: var( --e-global-color-text ); font-size: var(--bodyfontsize); letter-spacing: var(--bodyletterspacing); text-transform: var(--bodytexttransform); background-color: var(--nv-site-bg);\">09130 Pailh\u00e8s.<\/span><\/p>\n<p>Contact par courriel&nbsp;: <b>contact(at)comite-ecologique-ariegeois.org<\/b> (remplacer (at) par le symbole arobase)<\/p>\n<p>L\u2019association n\u2019a pas de n\u00b0&nbsp;de t\u00e9l\u00e9phone ni de local attitr\u00e9.<\/p>\t\t\t\t\t\t\t\t<\/div>\n\t\t\t\t<\/div>\n\t\t\t\t<div class=\"elementor-element elementor-element-b7630fa elementor-widget elementor-widget-heading\" data-id=\"b7630fa\" data-element_type=\"widget\" data-widget_type=\"heading.default\">\n\t\t\t\t<div class=\"elementor-widget-container\">\n\t\t\t\t\t<h1 class=\"elementor-heading-title elementor-size-default\"><a href=\"#Montagne\">Conditions G\u00e9n\u00e9rales d\u2019Utilisation (CGU)\n<\/a><\/h1>\t\t\t\t<\/div>\n\t\t\t\t<\/div>\n\t\t\t\t<div class=\"elementor-element elementor-element-b2e27c5 elementor-widget elementor-widget-heading\" data-id=\"b2e27c5\" data-element_type=\"widget\" data-widget_type=\"heading.default\">\n\t\t\t\t<div class=\"elementor-widget-container\">\n\t\t\t\t\t<h3 class=\"elementor-heading-title elementor-size-default\">Donn\u00e9es recueillies<\/h3>\t\t\t\t<\/div>\n\t\t\t\t<\/div>\n\t\t\t\t<div class=\"elementor-element elementor-element-6c6b7de elementor-widget elementor-widget-text-editor\" data-id=\"6c6b7de\" data-element_type=\"widget\" data-widget_type=\"text-editor.default\">\n\t\t\t\t<div class=\"elementor-widget-container\">\n\t\t\t\t\t\t\t\t\t<p style=\"text-align: start;\">Les donn\u00e9es personnelles recouvr\u00e9es au moyen du formulaire de contact du site seront utilis\u00e9es pour vous r\u00e9pondre et ne seront pas divulgu\u00e9es.<br \/>Les commentaires des forums sont contr\u00f4l\u00e9s a priori afin d\u2019\u00e9viter tout \u00e9crit calomnieux, raciste ou tout simplement illicite.<br \/>Les internautes doivent veiller \u00e0 ne pas publier sur le site tout contenu susceptible d\u2019attenter \u00e0 un droit quelconque, d\u2019\u00eatre ill\u00e9gal ou contraire \u00e0 l\u2019ordre public et ne pas d\u2019utiliser le contenu sans autorisation \u00e9crite.<br \/>En tant qu\u2019\u00e9diteurs d\u2019informations, nous n\u2019utilisons pas de \u00ab\u00a0cookies\u00a0\u00bb et nous ne serions pas responsables si des moteurs de recherche ou autres utilisateurs du Net en pla\u00e7aient \u00e0 notre insu.<\/p><p style=\"text-align: start;\">Ces CGU sont accept\u00e9es tacitement (automatiquement) d\u00e8s lors que l\u2019internaute se rend sur notre site et navigue sur nos pages.<\/p>\t\t\t\t\t\t\t\t<\/div>\n\t\t\t\t<\/div>\n\t\t\t\t<div class=\"elementor-element elementor-element-b4b672a elementor-widget elementor-widget-heading\" data-id=\"b4b672a\" data-element_type=\"widget\" data-widget_type=\"heading.default\">\n\t\t\t\t<div class=\"elementor-widget-container\">\n\t\t\t\t\t<h3 class=\"elementor-heading-title elementor-size-default\">R\u00e9clamations<\/h3>\t\t\t\t<\/div>\n\t\t\t\t<\/div>\n\t\t\t\t<div class=\"elementor-element elementor-element-18b9cbd elementor-widget elementor-widget-text-editor\" data-id=\"18b9cbd\" data-element_type=\"widget\" data-widget_type=\"text-editor.default\">\n\t\t\t\t<div class=\"elementor-widget-container\">\n\t\t\t\t\t\t\t\t\t<p><span style=\"text-align: start;\">Pour toute r\u00e9clamation se rapportant aux contenus publi\u00e9s quel qu\u2019en soit le vecteur n\u2019h\u00e9sitez pas \u00e0 nous contacter par les moyens \u00e9voqu\u00e9s pr\u00e9c\u00e9demment.<\/span><\/p>\t\t\t\t\t\t\t\t<\/div>\n\t\t\t\t<\/div>\n\t\t\t\t<div class=\"elementor-element elementor-element-afad072 elementor-widget elementor-widget-heading\" data-id=\"afad072\" data-element_type=\"widget\" data-widget_type=\"heading.default\">\n\t\t\t\t<div class=\"elementor-widget-container\">\n\t\t\t\t\t<h3 class=\"elementor-heading-title elementor-size-default\">Lecture des vid\u00e9os<\/h3>\t\t\t\t<\/div>\n\t\t\t\t<\/div>\n\t\t\t\t<div class=\"elementor-element elementor-element-dbf3e9c elementor-widget elementor-widget-text-editor\" data-id=\"dbf3e9c\" data-element_type=\"widget\" data-widget_type=\"text-editor.default\">\n\t\t\t\t<div class=\"elementor-widget-container\">\n\t\t\t\t\t\t\t\t\t<p><span style=\"text-align: start;\">Un lecteur en ligne est inclus dans le site pour les vid\u00e9os. Toute impossibilit\u00e9 de lecture n\u2019est cependant pas exclue\u00a0; dans ce cas, assurez-vous que votre machine peut lire ces vid\u00e9os, soit \u00e0 l\u2019aide d\u2019un plugin du navigateur soit dans un lecteur Multimedia.<\/span><\/p>\t\t\t\t\t\t\t\t<\/div>\n\t\t\t\t<\/div>\n\t\t\t\t<div class=\"elementor-element elementor-element-c48b278 elementor-widget elementor-widget-heading\" data-id=\"c48b278\" data-element_type=\"widget\" data-widget_type=\"heading.default\">\n\t\t\t\t<div class=\"elementor-widget-container\">\n\t\t\t\t\t<h3 class=\"elementor-heading-title elementor-size-default\">Droits de r\u00e9-utilisation<\/h3>\t\t\t\t<\/div>\n\t\t\t\t<\/div>\n\t\t\t\t<div class=\"elementor-element elementor-element-de52041 elementor-widget elementor-widget-heading\" data-id=\"de52041\" data-element_type=\"widget\" data-widget_type=\"heading.default\">\n\t\t\t\t<div class=\"elementor-widget-container\">\n\t\t\t\t\t<h4 class=\"elementor-heading-title elementor-size-default\">Graphismes d\u00e9riv\u00e9s de Openclipart<\/h4>\t\t\t\t<\/div>\n\t\t\t\t<\/div>\n\t\t\t\t<div class=\"elementor-element elementor-element-c3793c0 elementor-widget elementor-widget-text-editor\" data-id=\"c3793c0\" data-element_type=\"widget\" data-widget_type=\"text-editor.default\">\n\t\t\t\t<div class=\"elementor-widget-container\">\n\t\t\t\t\t\t\t\t\t<p>Certaines ic\u00f4nes et images utilis\u00e9es pour le site et ses contenus d\u00e9rivent de travaux distribu\u00e9s sous licence libre par les contributeurs de la biblioth\u00e8que Openclipart. Il va donc de soi que leur r\u00e9-exploitation est tout aussi libre au gr\u00e9 de vos besoins.<\/p>\t\t\t\t\t\t\t\t<\/div>\n\t\t\t\t<\/div>\n\t\t\t\t<div class=\"elementor-element elementor-element-ce6bfc1 elementor-widget elementor-widget-heading\" data-id=\"ce6bfc1\" data-element_type=\"widget\" data-widget_type=\"heading.default\">\n\t\t\t\t<div class=\"elementor-widget-container\">\n\t\t\t\t\t<h4 class=\"elementor-heading-title elementor-size-default\">Logo de l\u2019association<\/h4>\t\t\t\t<\/div>\n\t\t\t\t<\/div>\n\t\t\t\t<div class=\"elementor-element elementor-element-5d646f3 elementor-widget elementor-widget-text-editor\" data-id=\"5d646f3\" data-element_type=\"widget\" data-widget_type=\"text-editor.default\">\n\t\t\t\t<div class=\"elementor-widget-container\">\n\t\t\t\t\t\t\t\t\t<p>Le logo du Comit\u00e9 \u00c9cologique Ari\u00e9geois est une r\u00e9alisation collective et appartient \u00e0 l\u2019association qui a seule le droit de l\u2019utiliser.<\/p>\t\t\t\t\t\t\t\t<\/div>\n\t\t\t\t<\/div>\n\t\t\t\t\t<\/div>\n\t\t\t\t<\/div>\n\t\t\t\t<\/div>\n\t\t","protected":false},"excerpt":{"rendered":"<p>Mentions l\u00e9gales et cr\u00e9dits Derni\u00e8re modification 13 janvier 2024Loi n\u00b0\u00a02004-575 du 21 juin 2004 pour la confiance dans l\u2019\u00e9conomie num\u00e9rique (LCEN) Propri\u00e9taire du site Le site Internet sis \u00e0 l\u2019adresse https:\/\/comite-ecologique-ariegeois.org\u00a0est le site officiel de\u00a0l\u2019associationComit\u00e9 \u00c9cologique Ari\u00e9geois (CEA)Si\u00e8ge Social depuis octobre 2020 :CCAS 3, mairie, route de Pamiers, 09130 Pailh\u00e8sN\u00b0SIRET\u00a0: 379 962 467 00062 (du&hellip;&nbsp;<a href=\"https:\/\/comite-ecologique-ariegeois.org\/?page_id=6967\" rel=\"bookmark\">Lire la suite &raquo;<span class=\"screen-reader-text\">Mentions l\u00e9gales et Cr\u00e9dits<\/span><\/a><\/p>\n","protected":false},"author":8,"featured_media":0,"parent":0,"menu_order":0,"comment_status":"closed","ping_status":"closed","template":"","meta":{"neve_meta_sidebar":"","neve_meta_container":"","neve_meta_enable_content_width":"","neve_meta_content_width":0,"neve_meta_title_alignment":"","neve_meta_author_avatar":"","neve_post_elements_order":"","neve_meta_disable_header":"","neve_meta_disable_footer":"","neve_meta_disable_title":"","footnotes":""},"class_list":["post-6967","page","type-page","status-publish","hentry"],"yoast_head":"<!-- This site is optimized with the Yoast SEO plugin v26.4 - https:\/\/yoast.com\/wordpress\/plugins\/seo\/ -->\n<title>Mentions l\u00e9gales et Cr\u00e9dits - Comit\u00e9 Ecologique Ari\u00e8geois<\/title>\n<meta name=\"robots\" content=\"index, follow, max-snippet:-1, max-image-preview:large, max-video-preview:-1\" \/>\n<link rel=\"canonical\" href=\"https:\/\/comite-ecologique-ariegeois.org\/?page_id=6967\" \/>\n<meta property=\"og:locale\" content=\"fr_FR\" \/>\n<meta property=\"og:type\" content=\"article\" \/>\n<meta property=\"og:title\" content=\"Mentions l\u00e9gales et Cr\u00e9dits - Comit\u00e9 Ecologique Ari\u00e8geois\" \/>\n<meta property=\"og:description\" content=\"Mentions l\u00e9gales et cr\u00e9dits Derni\u00e8re modification 13 janvier 2024Loi n\u00b0\u00a02004-575 du 21 juin 2004 pour la confiance dans l\u2019\u00e9conomie num\u00e9rique (LCEN) Propri\u00e9taire du site Le site Internet sis \u00e0 l\u2019adresse https:\/\/comite-ecologique-ariegeois.org\u00a0est le site officiel de\u00a0l\u2019associationComit\u00e9 \u00c9cologique Ari\u00e9geois (CEA)Si\u00e8ge Social depuis octobre 2020 :CCAS 3, mairie, route de Pamiers, 09130 Pailh\u00e8sN\u00b0SIRET\u00a0: 379 962 467 00062 (du&hellip;&nbsp;Lire la suite &raquo;Mentions l\u00e9gales et Cr\u00e9dits\" \/>\n<meta property=\"og:url\" content=\"https:\/\/comite-ecologique-ariegeois.org\/?page_id=6967\" \/>\n<meta property=\"og:site_name\" content=\"Comit\u00e9 Ecologique Ari\u00e8geois\" \/>\n<meta property=\"article:publisher\" content=\"https:\/\/www.facebook.com\/comite.ariegeois\/\" \/>\n<meta property=\"article:modified_time\" content=\"2025-01-15T15:47:14+00:00\" \/>\n<meta name=\"twitter:card\" content=\"summary_large_image\" \/>\n<meta name=\"twitter:label1\" content=\"Dur\u00e9e de lecture estim\u00e9e\" \/>\n\t<meta name=\"twitter:data1\" content=\"3 minutes\" \/>\n<script type=\"application\/ld+json\" class=\"yoast-schema-graph\">{\"@context\":\"https:\/\/schema.org\",\"@graph\":[{\"@type\":\"WebPage\",\"@id\":\"https:\/\/comite-ecologique-ariegeois.org\/?page_id=6967\",\"url\":\"https:\/\/comite-ecologique-ariegeois.org\/?page_id=6967\",\"name\":\"Mentions l\u00e9gales et Cr\u00e9dits - Comit\u00e9 Ecologique Ari\u00e8geois\",\"isPartOf\":{\"@id\":\"https:\/\/comite-ecologique-ariegeois.org\/#website\"},\"datePublished\":\"2024-12-24T15:31:26+00:00\",\"dateModified\":\"2025-01-15T15:47:14+00:00\",\"breadcrumb\":{\"@id\":\"https:\/\/comite-ecologique-ariegeois.org\/?page_id=6967#breadcrumb\"},\"inLanguage\":\"fr-FR\",\"potentialAction\":[{\"@type\":\"ReadAction\",\"target\":[\"https:\/\/comite-ecologique-ariegeois.org\/?page_id=6967\"]}]},{\"@type\":\"BreadcrumbList\",\"@id\":\"https:\/\/comite-ecologique-ariegeois.org\/?page_id=6967#breadcrumb\",\"itemListElement\":[{\"@type\":\"ListItem\",\"position\":1,\"name\":\"Accueil\",\"item\":\"https:\/\/comite-ecologique-ariegeois.org\/\"},{\"@type\":\"ListItem\",\"position\":2,\"name\":\"Mentions l\u00e9gales et Cr\u00e9dits\"}]},{\"@type\":\"WebSite\",\"@id\":\"https:\/\/comite-ecologique-ariegeois.org\/#website\",\"url\":\"https:\/\/comite-ecologique-ariegeois.org\/\",\"name\":\"Comit\u00e9 Ecologique Ari\u00e8geois\",\"description\":\"Assotiation de protection de la nature\",\"publisher\":{\"@id\":\"https:\/\/comite-ecologique-ariegeois.org\/#organization\"},\"potentialAction\":[{\"@type\":\"SearchAction\",\"target\":{\"@type\":\"EntryPoint\",\"urlTemplate\":\"https:\/\/comite-ecologique-ariegeois.org\/?s={search_term_string}\"},\"query-input\":{\"@type\":\"PropertyValueSpecification\",\"valueRequired\":true,\"valueName\":\"search_term_string\"}}],\"inLanguage\":\"fr-FR\"},{\"@type\":\"Organization\",\"@id\":\"https:\/\/comite-ecologique-ariegeois.org\/#organization\",\"name\":\"Comit\u00e9 Ecologique Ari\u00e8geois\",\"url\":\"https:\/\/comite-ecologique-ariegeois.org\/\",\"logo\":{\"@type\":\"ImageObject\",\"inLanguage\":\"fr-FR\",\"@id\":\"https:\/\/comite-ecologique-ariegeois.org\/#\/schema\/logo\/image\/\",\"url\":\"https:\/\/comite-ecologique-ariegeois.org\/wp-content\/uploads\/2025\/01\/logo_nouveau_cea_jpeg_250pix_02_03_24-a8816.jpg\",\"contentUrl\":\"https:\/\/comite-ecologique-ariegeois.org\/wp-content\/uploads\/2025\/01\/logo_nouveau_cea_jpeg_250pix_02_03_24-a8816.jpg\",\"width\":250,\"height\":250,\"caption\":\"Comit\u00e9 Ecologique Ari\u00e8geois\"},\"image\":{\"@id\":\"https:\/\/comite-ecologique-ariegeois.org\/#\/schema\/logo\/image\/\"},\"sameAs\":[\"https:\/\/www.facebook.com\/comite.ariegeois\/\",\"https:\/\/www.instagram.com\/comite.ecologique.ariegeois\/\"]}]}<\/script>\n<!-- \/ Yoast SEO plugin. -->","yoast_head_json":{"title":"Mentions l\u00e9gales et Cr\u00e9dits - Comit\u00e9 Ecologique Ari\u00e8geois","robots":{"index":"index","follow":"follow","max-snippet":"max-snippet:-1","max-image-preview":"max-image-preview:large","max-video-preview":"max-video-preview:-1"},"canonical":"https:\/\/comite-ecologique-ariegeois.org\/?page_id=6967","og_locale":"fr_FR","og_type":"article","og_title":"Mentions l\u00e9gales et Cr\u00e9dits - Comit\u00e9 Ecologique Ari\u00e8geois","og_description":"Mentions l\u00e9gales et cr\u00e9dits Derni\u00e8re modification 13 janvier 2024Loi n\u00b0\u00a02004-575 du 21 juin 2004 pour la confiance dans l\u2019\u00e9conomie num\u00e9rique (LCEN) Propri\u00e9taire du site Le site Internet sis \u00e0 l\u2019adresse https:\/\/comite-ecologique-ariegeois.org\u00a0est le site officiel de\u00a0l\u2019associationComit\u00e9 \u00c9cologique Ari\u00e9geois (CEA)Si\u00e8ge Social depuis octobre 2020 :CCAS 3, mairie, route de Pamiers, 09130 Pailh\u00e8sN\u00b0SIRET\u00a0: 379 962 467 00062 (du&hellip;&nbsp;Lire la suite &raquo;Mentions l\u00e9gales et Cr\u00e9dits","og_url":"https:\/\/comite-ecologique-ariegeois.org\/?page_id=6967","og_site_name":"Comit\u00e9 Ecologique Ari\u00e8geois","article_publisher":"https:\/\/www.facebook.com\/comite.ariegeois\/","article_modified_time":"2025-01-15T15:47:14+00:00","twitter_card":"summary_large_image","twitter_misc":{"Dur\u00e9e de lecture estim\u00e9e":"3 minutes"},"schema":{"@context":"https:\/\/schema.org","@graph":[{"@type":"WebPage","@id":"https:\/\/comite-ecologique-ariegeois.org\/?page_id=6967","url":"https:\/\/comite-ecologique-ariegeois.org\/?page_id=6967","name":"Mentions l\u00e9gales et Cr\u00e9dits - Comit\u00e9 Ecologique Ari\u00e8geois","isPartOf":{"@id":"https:\/\/comite-ecologique-ariegeois.org\/#website"},"datePublished":"2024-12-24T15:31:26+00:00","dateModified":"2025-01-15T15:47:14+00:00","breadcrumb":{"@id":"https:\/\/comite-ecologique-ariegeois.org\/?page_id=6967#breadcrumb"},"inLanguage":"fr-FR","potentialAction":[{"@type":"ReadAction","target":["https:\/\/comite-ecologique-ariegeois.org\/?page_id=6967"]}]},{"@type":"BreadcrumbList","@id":"https:\/\/comite-ecologique-ariegeois.org\/?page_id=6967#breadcrumb","itemListElement":[{"@type":"ListItem","position":1,"name":"Accueil","item":"https:\/\/comite-ecologique-ariegeois.org\/"},{"@type":"ListItem","position":2,"name":"Mentions l\u00e9gales et Cr\u00e9dits"}]},{"@type":"WebSite","@id":"https:\/\/comite-ecologique-ariegeois.org\/#website","url":"https:\/\/comite-ecologique-ariegeois.org\/","name":"Comit\u00e9 Ecologique Ari\u00e8geois","description":"Assotiation de protection de la nature","publisher":{"@id":"https:\/\/comite-ecologique-ariegeois.org\/#organization"},"potentialAction":[{"@type":"SearchAction","target":{"@type":"EntryPoint","urlTemplate":"https:\/\/comite-ecologique-ariegeois.org\/?s={search_term_string}"},"query-input":{"@type":"PropertyValueSpecification","valueRequired":true,"valueName":"search_term_string"}}],"inLanguage":"fr-FR"},{"@type":"Organization","@id":"https:\/\/comite-ecologique-ariegeois.org\/#organization","name":"Comit\u00e9 Ecologique Ari\u00e8geois","url":"https:\/\/comite-ecologique-ariegeois.org\/","logo":{"@type":"ImageObject","inLanguage":"fr-FR","@id":"https:\/\/comite-ecologique-ariegeois.org\/#\/schema\/logo\/image\/","url":"https:\/\/comite-ecologique-ariegeois.org\/wp-content\/uploads\/2025\/01\/logo_nouveau_cea_jpeg_250pix_02_03_24-a8816.jpg","contentUrl":"https:\/\/comite-ecologique-ariegeois.org\/wp-content\/uploads\/2025\/01\/logo_nouveau_cea_jpeg_250pix_02_03_24-a8816.jpg","width":250,"height":250,"caption":"Comit\u00e9 Ecologique Ari\u00e8geois"},"image":{"@id":"https:\/\/comite-ecologique-ariegeois.org\/#\/schema\/logo\/image\/"},"sameAs":["https:\/\/www.facebook.com\/comite.ariegeois\/","https:\/\/www.instagram.com\/comite.ecologique.ariegeois\/"]}]}},"_links":{"self":[{"href":"https:\/\/comite-ecologique-ariegeois.org\/index.php?rest_route=\/wp\/v2\/pages\/6967","targetHints":{"allow":["GET"]}}],"collection":[{"href":"https:\/\/comite-ecologique-ariegeois.org\/index.php?rest_route=\/wp\/v2\/pages"}],"about":[{"href":"https:\/\/comite-ecologique-ariegeois.org\/index.php?rest_route=\/wp\/v2\/types\/page"}],"author":[{"embeddable":true,"href":"https:\/\/comite-ecologique-ariegeois.org\/index.php?rest_route=\/wp\/v2\/users\/8"}],"replies":[{"embeddable":true,"href":"https:\/\/comite-ecologique-ariegeois.org\/index.php?rest_route=%2Fwp%2Fv2%2Fcomments&post=6967"}],"version-history":[{"count":37,"href":"https:\/\/comite-ecologique-ariegeois.org\/index.php?rest_route=\/wp\/v2\/pages\/6967\/revisions"}],"predecessor-version":[{"id":8080,"href":"https:\/\/comite-ecologique-ariegeois.org\/index.php?rest_route=\/wp\/v2\/pages\/6967\/revisions\/8080"}],"wp:attachment":[{"href":"https:\/\/comite-ecologique-ariegeois.org\/index.php?rest_route=%2Fwp%2Fv2%2Fmedia&parent=6967"}],"curies":[{"name":"wp","href":"https:\/\/api.w.org\/{rel}","templated":true}]}}