{"id":353,"date":"2024-07-31T16:49:34","date_gmt":"2024-07-31T14:49:34","guid":{"rendered":"https:\/\/comite-ecologique-ariegeois.org\/?page_id=353"},"modified":"2025-04-15T21:00:04","modified_gmt":"2025-04-15T19:00:04","slug":"communiques-de-presse","status":"publish","type":"page","link":"https:\/\/comite-ecologique-ariegeois.org\/?page_id=353","title":{"rendered":"Communiqu\u00e9s de presse"},"content":{"rendered":"\t\t<div data-elementor-type=\"wp-page\" data-elementor-id=\"353\" class=\"elementor elementor-353\">\n\t\t\t\t<div class=\"elementor-element elementor-element-67af8fa e-flex e-con-boxed e-con e-parent\" data-id=\"67af8fa\" data-element_type=\"container\">\n\t\t\t\t\t<div class=\"e-con-inner\">\n\t\t\t\t<div class=\"elementor-element elementor-element-56b0803 elementor-widget elementor-widget-spacer\" data-id=\"56b0803\" data-element_type=\"widget\" data-widget_type=\"spacer.default\">\n\t\t\t\t<div class=\"elementor-widget-container\">\n\t\t\t\t\t\t\t<div class=\"elementor-spacer\">\n\t\t\t<div class=\"elementor-spacer-inner\"><\/div>\n\t\t<\/div>\n\t\t\t\t\t\t<\/div>\n\t\t\t\t<\/div>\n\t\t\t\t<div class=\"elementor-element elementor-element-72d3eed elementor-widget elementor-widget-heading\" data-id=\"72d3eed\" data-element_type=\"widget\" data-widget_type=\"heading.default\">\n\t\t\t\t<div class=\"elementor-widget-container\">\n\t\t\t\t\t<h1 class=\"elementor-heading-title elementor-size-default\"><a href=\"#Montagne\">Communiqu\u00e9s de presse<\/a><\/h1>\t\t\t\t<\/div>\n\t\t\t\t<\/div>\n\t\t\t\t<div class=\"elementor-element elementor-element-fec71bc elementor-widget elementor-widget-text-editor\" data-id=\"fec71bc\" data-element_type=\"widget\" data-widget_type=\"text-editor.default\">\n\t\t\t\t<div class=\"elementor-widget-container\">\n\t\t\t\t\t\t\t\t\t<p>Nos communiqu\u00e9s de presse (CP) et ceux de nos partenaires sont <strong>des documents courts, envoy\u00e9s aux journalistes \u00e0 l&rsquo;occasion d&rsquo;un \u00e9v\u00e9nement <\/strong>concernant l&rsquo;action du CEA ou partag\u00e9 par plusieurs associations environnementales (conf\u00e9rence de presse, d\u00e9cision juridique, &#8230;) <strong>dans l&rsquo;espoir que leur media retransmette notre message. <\/strong>Evidemment ce n&rsquo;est pas toujours le cas et au mieux les journalistes ne reprennent que ce qu&rsquo;ils veulent du CP dans l&rsquo;article \u00e0 para\u00eetre<strong>.<\/strong>\u00a0<strong>C&rsquo;est aussi un moyen de tenir inform\u00e9s les journalistes eux-m\u00eames \u00e0 l&rsquo;aide d&rsquo;un\u00a0 dossier de presse <\/strong>plus complet qui accompagne notre CP.<\/p>\t\t\t\t\t\t\t\t<\/div>\n\t\t\t\t<\/div>\n\t\t\t\t\t<\/div>\n\t\t\t\t<\/div>\n\t\t<div class=\"elementor-element elementor-element-7f3182b1 e-flex e-con-boxed e-con e-parent\" data-id=\"7f3182b1\" data-element_type=\"container\" data-settings=\"{&quot;background_background&quot;:&quot;classic&quot;}\">\n\t\t\t\t\t<div class=\"e-con-inner\">\n\t\t\t\t<div class=\"elementor-element elementor-element-6c20dd0 elementor-widget elementor-widget-heading\" data-id=\"6c20dd0\" data-element_type=\"widget\" data-widget_type=\"heading.default\">\n\t\t\t\t<div class=\"elementor-widget-container\">\n\t\t\t\t\t<h2 class=\"elementor-heading-title elementor-size-default\"><a href=\"#Montagne\">Communiqu\u00e9s de presse r\u00e9cents<\/a><\/h2>\t\t\t\t<\/div>\n\t\t\t\t<\/div>\n\t\t<div class=\"elementor-element elementor-element-3da75a56 e-grid e-con-full e-con e-child\" data-id=\"3da75a56\" data-element_type=\"container\" data-settings=\"{&quot;background_background&quot;:&quot;classic&quot;}\">\n\t\t<div class=\"elementor-element elementor-element-61a5fac8 e-con-full e-flex e-con e-child\" data-id=\"61a5fac8\" data-element_type=\"container\" data-settings=\"{&quot;background_background&quot;:&quot;classic&quot;}\">\n\t\t\t\t<div class=\"elementor-element elementor-element-3a48db12 elementor-widget elementor-widget-heading\" data-id=\"3a48db12\" data-element_type=\"widget\" data-widget_type=\"heading.default\">\n\t\t\t\t<div class=\"elementor-widget-container\">\n\t\t\t\t\t<h4 class=\"elementor-heading-title elementor-size-default\">\n\nMine de Salau : La nouvelle demande de Permis Exclusif de Recherches de Mines (PERM) dit \u00ab Montagne Ari\u00e9geoise \u00bb contest\u00e9e...<\/h4>\t\t\t\t<\/div>\n\t\t\t\t<\/div>\n\t\t\t\t<div class=\"elementor-element elementor-element-1ec0f34 elementor-widget elementor-widget-text-editor\" data-id=\"1ec0f34\" data-element_type=\"widget\" data-widget_type=\"text-editor.default\">\n\t\t\t\t<div class=\"elementor-widget-container\">\n\t\t\t\t\t\t\t\t\t<p>Dimanche 15 d\u00e9cembre 2024 : CP \u00e0 l&rsquo;initiative de SMS et co-sign\u00e9 par une douzaine d&rsquo;associations, collectifs et groupes politiques<\/p>\t\t\t\t\t\t\t\t<\/div>\n\t\t\t\t<\/div>\n\t\t\t\t<div class=\"elementor-element elementor-element-2aa1ee4 elementor-widget elementor-widget-button\" data-id=\"2aa1ee4\" data-element_type=\"widget\" data-widget_type=\"button.default\">\n\t\t\t\t<div class=\"elementor-widget-container\">\n\t\t\t\t\t\t\t\t\t<div class=\"elementor-button-wrapper\">\n\t\t\t\t\t<a class=\"elementor-button elementor-button-link elementor-size-sm elementor-animation-grow\" href=\"https:\/\/comite-ecologique-ariegeois.org\/wp-content\/uploads\/2024\/12\/Communique-15-12-2024-C.pdf\">\n\t\t\t\t\t\t<span class=\"elementor-button-content-wrapper\">\n\t\t\t\t\t\t\t\t\t<span class=\"elementor-button-text\">Acc\u00e9der \u00e0 ce communiqu\u00e9 de presse<\/span>\n\t\t\t\t\t<\/span>\n\t\t\t\t\t<\/a>\n\t\t\t\t<\/div>\n\t\t\t\t\t\t\t\t<\/div>\n\t\t\t\t<\/div>\n\t\t\t\t<\/div>\n\t\t<div class=\"elementor-element elementor-element-6aeac12 e-con-full e-flex e-con e-child\" data-id=\"6aeac12\" data-element_type=\"container\" data-settings=\"{&quot;background_background&quot;:&quot;classic&quot;}\">\n\t\t\t\t<div class=\"elementor-element elementor-element-b5b4600 elementor-widget elementor-widget-heading\" data-id=\"b5b4600\" data-element_type=\"widget\" data-widget_type=\"heading.default\">\n\t\t\t\t<div class=\"elementor-widget-container\">\n\t\t\t\t\t<h4 class=\"elementor-heading-title elementor-size-default\">\n\n\n\n\nProjet de supermarch\u00e9 au  Fossat : une premi\u00e8re victoire pour le\nCollectif L\u00e8ze Arize Citoyen<\/h4>\t\t\t\t<\/div>\n\t\t\t\t<\/div>\n\t\t\t\t<div class=\"elementor-element elementor-element-c1844f0 elementor-widget elementor-widget-text-editor\" data-id=\"c1844f0\" data-element_type=\"widget\" data-widget_type=\"text-editor.default\">\n\t\t\t\t<div class=\"elementor-widget-container\">\n\t\t\t\t\t\t\t\t\t<p>Juillet 2024 : CP du CLAC suite \u00e0 l&rsquo;action de contestation en justice du Collectif et du Comit\u00e9 Ecologique Ari\u00e9geois <\/p>\t\t\t\t\t\t\t\t<\/div>\n\t\t\t\t<\/div>\n\t\t\t\t<div class=\"elementor-element elementor-element-0548515 elementor-widget elementor-widget-button\" data-id=\"0548515\" data-element_type=\"widget\" data-widget_type=\"button.default\">\n\t\t\t\t<div class=\"elementor-widget-container\">\n\t\t\t\t\t\t\t\t\t<div class=\"elementor-button-wrapper\">\n\t\t\t\t\t<a class=\"elementor-button elementor-button-link elementor-size-sm elementor-animation-grow\" href=\"https:\/\/comite-ecologique-ariegeois.org\/wp-content\/uploads\/2024\/12\/C-P-CLAC_07-2024.pdf\">\n\t\t\t\t\t\t<span class=\"elementor-button-content-wrapper\">\n\t\t\t\t\t\t\t\t\t<span class=\"elementor-button-text\">Acc\u00e9der \u00e0 ce communiqu\u00e9 de presse<\/span>\n\t\t\t\t\t<\/span>\n\t\t\t\t\t<\/a>\n\t\t\t\t<\/div>\n\t\t\t\t\t\t\t\t<\/div>\n\t\t\t\t<\/div>\n\t\t\t\t<\/div>\n\t\t\t\t<\/div>\n\t\t\t\t\t<\/div>\n\t\t\t\t<\/div>\n\t\t<div class=\"elementor-element elementor-element-48a8b0c e-flex e-con-boxed e-con e-parent\" data-id=\"48a8b0c\" data-element_type=\"container\">\n\t\t\t\t\t<div class=\"e-con-inner\">\n\t\t\t\t<div class=\"elementor-element elementor-element-35db7a4 elementor-widget elementor-widget-spacer\" data-id=\"35db7a4\" data-element_type=\"widget\" data-widget_type=\"spacer.default\">\n\t\t\t\t<div class=\"elementor-widget-container\">\n\t\t\t\t\t\t\t<div class=\"elementor-spacer\">\n\t\t\t<div class=\"elementor-spacer-inner\"><\/div>\n\t\t<\/div>\n\t\t\t\t\t\t<\/div>\n\t\t\t\t<\/div>\n\t\t<div class=\"elementor-element elementor-element-da78552 e-con-full e-flex e-con e-child\" data-id=\"da78552\" data-element_type=\"container\" data-settings=\"{&quot;background_background&quot;:&quot;classic&quot;}\">\n\t\t\t\t<div class=\"elementor-element elementor-element-523eab7 elementor-widget elementor-widget-heading\" data-id=\"523eab7\" data-element_type=\"widget\" data-widget_type=\"heading.default\">\n\t\t\t\t<div class=\"elementor-widget-container\">\n\t\t\t\t\t<h2 class=\"elementor-heading-title elementor-size-default\"><a href=\"#Montagne\">Autres communiqu\u00e9s de presse<\/a><\/h2>\t\t\t\t<\/div>\n\t\t\t\t<\/div>\n\t\t\t\t<div class=\"elementor-element elementor-element-d6abd2d elementor-widget elementor-widget-heading\" data-id=\"d6abd2d\" data-element_type=\"widget\" data-widget_type=\"heading.default\">\n\t\t\t\t<div class=\"elementor-widget-container\">\n\t\t\t\t\t<h3 class=\"elementor-heading-title elementor-size-default\"><a href=\"#Montagne\">CP du CEA et\/ou de nos partenaires<\/a><\/h3>\t\t\t\t<\/div>\n\t\t\t\t<\/div>\n\t\t\t\t<div class=\"elementor-element elementor-element-d3c94db elementor-widget elementor-widget-text-editor\" data-id=\"d3c94db\" data-element_type=\"widget\" data-widget_type=\"text-editor.default\">\n\t\t\t\t<div class=\"elementor-widget-container\">\n\t\t\t\t\t\t\t\t\t<p>03\/05\/2020 : <a href=\"https:\/\/comite-ecologique-ariegeois.org\/wp-content\/uploads\/2024\/11\/COMMUNIQUE-PRESSE-CEA-Chabot_-concertation-Charte-epandages_03-05-2020.pdf\">CP du CEA et du Chabot<\/a> \u00ab Concertation \u00e9pandage \u00bb <br \/>10\/08\/2020 : <a href=\"https:\/\/comite-ecologique-ariegeois.org\/wp-content\/uploads\/2024\/10\/Communique-de-presse-APNE_11-08-2020.pdf\">CP du CEA, Le Chabot et FNEOP<\/a> \u00ab Ax les 3 domaines : des travaux ill\u00e9gaux\u00bb <br \/>31\/01\/2022 : <a href=\"https:\/\/comite-ecologique-ariegeois.org\/wp-content\/uploads\/2024\/11\/Communique-_Manifestation-contre-Le-Chabot_31-01-2022.pdf\">CP du Chabot<\/a> \u00ab Manifestation contre \u00ab\u00a0le Chabot\u00a0\u00bb du 31 janvier 2022 \u00bb <br \/>02\/02\/2022 :<a href=\"https:\/\/comite-ecologique-ariegeois.org\/wp-content\/uploads\/2024\/12\/CP-CEA_reponse-manif-FDSEA-et-JA-31-Janvier.pdf\"> CP du CEA<\/a> \u00ab COMMUNIQUE en r\u00e9ponse \u00e0 la manifestation de la FDSEA et des JA du 31 janvier contre le CEA \u00bb <br \/>15\/10\/2023 : <a href=\"https:\/\/comite-ecologique-ariegeois.org\/wp-content\/uploads\/2024\/11\/Campagne-Glyphosate-France-Communique.pdf\">CP de La Campagne Glyphosate France<\/a> \u00ab Les actualit\u00e9s sur les pesticides r\u00e9voltent ceux qui d\u00e9fendent le vivant \u00bb <\/p>\t\t\t\t\t\t\t\t<\/div>\n\t\t\t\t<\/div>\n\t\t\t\t<\/div>\n\t\t\t\t<div class=\"elementor-element elementor-element-75d43c7 elementor-widget elementor-widget-spacer\" data-id=\"75d43c7\" data-element_type=\"widget\" data-widget_type=\"spacer.default\">\n\t\t\t\t<div class=\"elementor-widget-container\">\n\t\t\t\t\t\t\t<div class=\"elementor-spacer\">\n\t\t\t<div class=\"elementor-spacer-inner\"><\/div>\n\t\t<\/div>\n\t\t\t\t\t\t<\/div>\n\t\t\t\t<\/div>\n\t\t<div class=\"elementor-element elementor-element-cfa44cb e-con-full e-flex e-con e-child\" data-id=\"cfa44cb\" data-element_type=\"container\" data-settings=\"{&quot;background_background&quot;:&quot;classic&quot;}\">\n\t\t\t\t<div class=\"elementor-element elementor-element-7ce87da elementor-widget elementor-widget-heading\" data-id=\"7ce87da\" data-element_type=\"widget\" data-widget_type=\"heading.default\">\n\t\t\t\t<div class=\"elementor-widget-container\">\n\t\t\t\t\t<h2 class=\"elementor-heading-title elementor-size-default\"><a href=\"#Montagne\">On parle de nous !<\/a><\/h2>\t\t\t\t<\/div>\n\t\t\t\t<\/div>\n\t\t\t\t<div class=\"elementor-element elementor-element-bc140ef elementor-widget elementor-widget-text-editor\" data-id=\"bc140ef\" data-element_type=\"widget\" data-widget_type=\"text-editor.default\">\n\t\t\t\t<div class=\"elementor-widget-container\">\n\t\t\t\t\t\t\t\t\t<p><a href=\"https:\/\/comite-ecologique-ariegeois.org\/wp-content\/uploads\/2025\/03\/Article-DDM_Michel-BUC_Pailhes_08-03-2025.pdf\">Article de la D\u00e9p\u00e8che du Midi par Michel BUC (08\/03\/2025<\/a>)<\/p>\t\t\t\t\t\t\t\t<\/div>\n\t\t\t\t<\/div>\n\t\t\t\t<\/div>\n\t\t\t\t\t<\/div>\n\t\t\t\t<\/div>\n\t\t\t\t<\/div>\n\t\t","protected":false},"excerpt":{"rendered":"<p>Communiqu\u00e9s de presse Nos communiqu\u00e9s de presse (CP) et ceux de nos partenaires sont des documents courts, envoy\u00e9s aux journalistes \u00e0 l&rsquo;occasion d&rsquo;un \u00e9v\u00e9nement concernant l&rsquo;action du CEA ou partag\u00e9 par plusieurs associations environnementales (conf\u00e9rence de presse, d\u00e9cision juridique, &#8230;) dans l&rsquo;espoir que leur media retransmette notre message. Evidemment ce n&rsquo;est pas toujours le cas&hellip;&nbsp;<a href=\"https:\/\/comite-ecologique-ariegeois.org\/?page_id=353\" rel=\"bookmark\">Lire la suite &raquo;<span class=\"screen-reader-text\">Communiqu\u00e9s de presse<\/span><\/a><\/p>\n","protected":false},"author":2,"featured_media":0,"parent":0,"menu_order":0,"comment_status":"closed","ping_status":"closed","template":"","meta":{"neve_meta_sidebar":"","neve_meta_container":"","neve_meta_enable_content_width":"","neve_meta_content_width":0,"neve_meta_title_alignment":"","neve_meta_author_avatar":"","neve_post_elements_order":"","neve_meta_disable_header":"","neve_meta_disable_footer":"","neve_meta_disable_title":"","footnotes":""},"class_list":["post-353","page","type-page","status-publish","hentry"],"yoast_head":"<!-- This site is optimized with the Yoast SEO plugin v26.4 - https:\/\/yoast.com\/wordpress\/plugins\/seo\/ -->\n<title>Communiqu\u00e9s de presse - Comit\u00e9 Ecologique Ari\u00e8geois<\/title>\n<meta name=\"robots\" content=\"index, follow, max-snippet:-1, max-image-preview:large, max-video-preview:-1\" \/>\n<link rel=\"canonical\" href=\"https:\/\/comite-ecologique-ariegeois.org\/?page_id=353\" \/>\n<meta property=\"og:locale\" content=\"fr_FR\" \/>\n<meta property=\"og:type\" content=\"article\" \/>\n<meta property=\"og:title\" content=\"Communiqu\u00e9s de presse - Comit\u00e9 Ecologique Ari\u00e8geois\" \/>\n<meta property=\"og:description\" content=\"Communiqu\u00e9s de presse Nos communiqu\u00e9s de presse (CP) et ceux de nos partenaires sont des documents courts, envoy\u00e9s aux journalistes \u00e0 l&rsquo;occasion d&rsquo;un \u00e9v\u00e9nement concernant l&rsquo;action du CEA ou partag\u00e9 par plusieurs associations environnementales (conf\u00e9rence de presse, d\u00e9cision juridique, &#8230;) dans l&rsquo;espoir que leur media retransmette notre message. Evidemment ce n&rsquo;est pas toujours le cas&hellip;&nbsp;Lire la suite &raquo;Communiqu\u00e9s de presse\" \/>\n<meta property=\"og:url\" content=\"https:\/\/comite-ecologique-ariegeois.org\/?page_id=353\" \/>\n<meta property=\"og:site_name\" content=\"Comit\u00e9 Ecologique Ari\u00e8geois\" \/>\n<meta property=\"article:publisher\" content=\"https:\/\/www.facebook.com\/comite.ariegeois\/\" \/>\n<meta property=\"article:modified_time\" content=\"2025-04-15T19:00:04+00:00\" \/>\n<meta name=\"twitter:card\" content=\"summary_large_image\" \/>\n<meta name=\"twitter:label1\" content=\"Dur\u00e9e de lecture estim\u00e9e\" \/>\n\t<meta name=\"twitter:data1\" content=\"2 minutes\" \/>\n<script type=\"application\/ld+json\" class=\"yoast-schema-graph\">{\"@context\":\"https:\/\/schema.org\",\"@graph\":[{\"@type\":\"WebPage\",\"@id\":\"https:\/\/comite-ecologique-ariegeois.org\/?page_id=353\",\"url\":\"https:\/\/comite-ecologique-ariegeois.org\/?page_id=353\",\"name\":\"Communiqu\u00e9s de presse - Comit\u00e9 Ecologique Ari\u00e8geois\",\"isPartOf\":{\"@id\":\"https:\/\/comite-ecologique-ariegeois.org\/#website\"},\"datePublished\":\"2024-07-31T14:49:34+00:00\",\"dateModified\":\"2025-04-15T19:00:04+00:00\",\"breadcrumb\":{\"@id\":\"https:\/\/comite-ecologique-ariegeois.org\/?page_id=353#breadcrumb\"},\"inLanguage\":\"fr-FR\",\"potentialAction\":[{\"@type\":\"ReadAction\",\"target\":[\"https:\/\/comite-ecologique-ariegeois.org\/?page_id=353\"]}]},{\"@type\":\"BreadcrumbList\",\"@id\":\"https:\/\/comite-ecologique-ariegeois.org\/?page_id=353#breadcrumb\",\"itemListElement\":[{\"@type\":\"ListItem\",\"position\":1,\"name\":\"Accueil\",\"item\":\"https:\/\/comite-ecologique-ariegeois.org\/\"},{\"@type\":\"ListItem\",\"position\":2,\"name\":\"Communiqu\u00e9s de presse\"}]},{\"@type\":\"WebSite\",\"@id\":\"https:\/\/comite-ecologique-ariegeois.org\/#website\",\"url\":\"https:\/\/comite-ecologique-ariegeois.org\/\",\"name\":\"Comit\u00e9 Ecologique Ari\u00e8geois\",\"description\":\"Assotiation de protection de la nature\",\"publisher\":{\"@id\":\"https:\/\/comite-ecologique-ariegeois.org\/#organization\"},\"potentialAction\":[{\"@type\":\"SearchAction\",\"target\":{\"@type\":\"EntryPoint\",\"urlTemplate\":\"https:\/\/comite-ecologique-ariegeois.org\/?s={search_term_string}\"},\"query-input\":{\"@type\":\"PropertyValueSpecification\",\"valueRequired\":true,\"valueName\":\"search_term_string\"}}],\"inLanguage\":\"fr-FR\"},{\"@type\":\"Organization\",\"@id\":\"https:\/\/comite-ecologique-ariegeois.org\/#organization\",\"name\":\"Comit\u00e9 Ecologique Ari\u00e8geois\",\"url\":\"https:\/\/comite-ecologique-ariegeois.org\/\",\"logo\":{\"@type\":\"ImageObject\",\"inLanguage\":\"fr-FR\",\"@id\":\"https:\/\/comite-ecologique-ariegeois.org\/#\/schema\/logo\/image\/\",\"url\":\"https:\/\/comite-ecologique-ariegeois.org\/wp-content\/uploads\/2025\/01\/logo_nouveau_cea_jpeg_250pix_02_03_24-a8816.jpg\",\"contentUrl\":\"https:\/\/comite-ecologique-ariegeois.org\/wp-content\/uploads\/2025\/01\/logo_nouveau_cea_jpeg_250pix_02_03_24-a8816.jpg\",\"width\":250,\"height\":250,\"caption\":\"Comit\u00e9 Ecologique Ari\u00e8geois\"},\"image\":{\"@id\":\"https:\/\/comite-ecologique-ariegeois.org\/#\/schema\/logo\/image\/\"},\"sameAs\":[\"https:\/\/www.facebook.com\/comite.ariegeois\/\",\"https:\/\/www.instagram.com\/comite.ecologique.ariegeois\/\"]}]}<\/script>\n<!-- \/ Yoast SEO plugin. -->","yoast_head_json":{"title":"Communiqu\u00e9s de presse - Comit\u00e9 Ecologique Ari\u00e8geois","robots":{"index":"index","follow":"follow","max-snippet":"max-snippet:-1","max-image-preview":"max-image-preview:large","max-video-preview":"max-video-preview:-1"},"canonical":"https:\/\/comite-ecologique-ariegeois.org\/?page_id=353","og_locale":"fr_FR","og_type":"article","og_title":"Communiqu\u00e9s de presse - Comit\u00e9 Ecologique Ari\u00e8geois","og_description":"Communiqu\u00e9s de presse Nos communiqu\u00e9s de presse (CP) et ceux de nos partenaires sont des documents courts, envoy\u00e9s aux journalistes \u00e0 l&rsquo;occasion d&rsquo;un \u00e9v\u00e9nement concernant l&rsquo;action du CEA ou partag\u00e9 par plusieurs associations environnementales (conf\u00e9rence de presse, d\u00e9cision juridique, &#8230;) dans l&rsquo;espoir que leur media retransmette notre message. Evidemment ce n&rsquo;est pas toujours le cas&hellip;&nbsp;Lire la suite &raquo;Communiqu\u00e9s de presse","og_url":"https:\/\/comite-ecologique-ariegeois.org\/?page_id=353","og_site_name":"Comit\u00e9 Ecologique Ari\u00e8geois","article_publisher":"https:\/\/www.facebook.com\/comite.ariegeois\/","article_modified_time":"2025-04-15T19:00:04+00:00","twitter_card":"summary_large_image","twitter_misc":{"Dur\u00e9e de lecture estim\u00e9e":"2 minutes"},"schema":{"@context":"https:\/\/schema.org","@graph":[{"@type":"WebPage","@id":"https:\/\/comite-ecologique-ariegeois.org\/?page_id=353","url":"https:\/\/comite-ecologique-ariegeois.org\/?page_id=353","name":"Communiqu\u00e9s de presse - Comit\u00e9 Ecologique Ari\u00e8geois","isPartOf":{"@id":"https:\/\/comite-ecologique-ariegeois.org\/#website"},"datePublished":"2024-07-31T14:49:34+00:00","dateModified":"2025-04-15T19:00:04+00:00","breadcrumb":{"@id":"https:\/\/comite-ecologique-ariegeois.org\/?page_id=353#breadcrumb"},"inLanguage":"fr-FR","potentialAction":[{"@type":"ReadAction","target":["https:\/\/comite-ecologique-ariegeois.org\/?page_id=353"]}]},{"@type":"BreadcrumbList","@id":"https:\/\/comite-ecologique-ariegeois.org\/?page_id=353#breadcrumb","itemListElement":[{"@type":"ListItem","position":1,"name":"Accueil","item":"https:\/\/comite-ecologique-ariegeois.org\/"},{"@type":"ListItem","position":2,"name":"Communiqu\u00e9s de presse"}]},{"@type":"WebSite","@id":"https:\/\/comite-ecologique-ariegeois.org\/#website","url":"https:\/\/comite-ecologique-ariegeois.org\/","name":"Comit\u00e9 Ecologique Ari\u00e8geois","description":"Assotiation de protection de la nature","publisher":{"@id":"https:\/\/comite-ecologique-ariegeois.org\/#organization"},"potentialAction":[{"@type":"SearchAction","target":{"@type":"EntryPoint","urlTemplate":"https:\/\/comite-ecologique-ariegeois.org\/?s={search_term_string}"},"query-input":{"@type":"PropertyValueSpecification","valueRequired":true,"valueName":"search_term_string"}}],"inLanguage":"fr-FR"},{"@type":"Organization","@id":"https:\/\/comite-ecologique-ariegeois.org\/#organization","name":"Comit\u00e9 Ecologique Ari\u00e8geois","url":"https:\/\/comite-ecologique-ariegeois.org\/","logo":{"@type":"ImageObject","inLanguage":"fr-FR","@id":"https:\/\/comite-ecologique-ariegeois.org\/#\/schema\/logo\/image\/","url":"https:\/\/comite-ecologique-ariegeois.org\/wp-content\/uploads\/2025\/01\/logo_nouveau_cea_jpeg_250pix_02_03_24-a8816.jpg","contentUrl":"https:\/\/comite-ecologique-ariegeois.org\/wp-content\/uploads\/2025\/01\/logo_nouveau_cea_jpeg_250pix_02_03_24-a8816.jpg","width":250,"height":250,"caption":"Comit\u00e9 Ecologique Ari\u00e8geois"},"image":{"@id":"https:\/\/comite-ecologique-ariegeois.org\/#\/schema\/logo\/image\/"},"sameAs":["https:\/\/www.facebook.com\/comite.ariegeois\/","https:\/\/www.instagram.com\/comite.ecologique.ariegeois\/"]}]}},"_links":{"self":[{"href":"https:\/\/comite-ecologique-ariegeois.org\/index.php?rest_route=\/wp\/v2\/pages\/353","targetHints":{"allow":["GET"]}}],"collection":[{"href":"https:\/\/comite-ecologique-ariegeois.org\/index.php?rest_route=\/wp\/v2\/pages"}],"about":[{"href":"https:\/\/comite-ecologique-ariegeois.org\/index.php?rest_route=\/wp\/v2\/types\/page"}],"author":[{"embeddable":true,"href":"https:\/\/comite-ecologique-ariegeois.org\/index.php?rest_route=\/wp\/v2\/users\/2"}],"replies":[{"embeddable":true,"href":"https:\/\/comite-ecologique-ariegeois.org\/index.php?rest_route=%2Fwp%2Fv2%2Fcomments&post=353"}],"version-history":[{"count":52,"href":"https:\/\/comite-ecologique-ariegeois.org\/index.php?rest_route=\/wp\/v2\/pages\/353\/revisions"}],"predecessor-version":[{"id":9144,"href":"https:\/\/comite-ecologique-ariegeois.org\/index.php?rest_route=\/wp\/v2\/pages\/353\/revisions\/9144"}],"wp:attachment":[{"href":"https:\/\/comite-ecologique-ariegeois.org\/index.php?rest_route=%2Fwp%2Fv2%2Fmedia&parent=353"}],"curies":[{"name":"wp","href":"https:\/\/api.w.org\/{rel}","templated":true}]}}