{"id":351,"date":"2024-07-31T16:49:00","date_gmt":"2024-07-31T14:49:00","guid":{"rendered":"https:\/\/comite-ecologique-ariegeois.org\/?page_id=351"},"modified":"2025-01-06T22:28:06","modified_gmt":"2025-01-06T21:28:06","slug":"glossaire","status":"publish","type":"page","link":"https:\/\/comite-ecologique-ariegeois.org\/?page_id=351","title":{"rendered":"Glossaire"},"content":{"rendered":"<style>\/*! elementor - v3.23.0 - 05-08-2024 *\/\n.elementor-column .elementor-spacer-inner{height:var(--spacer-size)}.e-con{--container-widget-width:100%}.e-con-inner>.elementor-widget-spacer,.e-con>.elementor-widget-spacer{width:var(--container-widget-width,var(--spacer-size));--align-self:var(--container-widget-align-self,initial);--flex-shrink:0}.e-con-inner>.elementor-widget-spacer>.elementor-widget-container,.e-con>.elementor-widget-spacer>.elementor-widget-container{height:100%;width:100%}.e-con-inner>.elementor-widget-spacer>.elementor-widget-container>.elementor-spacer,.e-con>.elementor-widget-spacer>.elementor-widget-container>.elementor-spacer{height:100%}.e-con-inner>.elementor-widget-spacer>.elementor-widget-container>.elementor-spacer>.elementor-spacer-inner,.e-con>.elementor-widget-spacer>.elementor-widget-container>.elementor-spacer>.elementor-spacer-inner{height:var(--container-widget-height,var(--spacer-size))}.e-con-inner>.elementor-widget-spacer.elementor-widget-empty,.e-con>.elementor-widget-spacer.elementor-widget-empty{position:relative;min-height:22px;min-width:22px}.e-con-inner>.elementor-widget-spacer.elementor-widget-empty .elementor-widget-empty-icon,.e-con>.elementor-widget-spacer.elementor-widget-empty .elementor-widget-empty-icon{position:absolute;top:0;bottom:0;left:0;right:0;margin:auto;padding:0;width:22px;height:22px}<\/style>\t\t\n\t\t\t<style>\/*! elementor - v3.23.0 - 05-08-2024 *\/\n.elementor-heading-title{padding:0;margin:0;line-height:1}.elementor-widget-heading .elementor-heading-title[class*=elementor-size-]>a{color:inherit;font-size:inherit;line-height:inherit}.elementor-widget-heading .elementor-heading-title.elementor-size-small{font-size:15px}.elementor-widget-heading .elementor-heading-title.elementor-size-medium{font-size:19px}.elementor-widget-heading .elementor-heading-title.elementor-size-large{font-size:29px}.elementor-widget-heading .elementor-heading-title.elementor-size-xl{font-size:39px}.elementor-widget-heading .elementor-heading-title.elementor-size-xxl{font-size:59px}<\/style><h1>Glossaire<\/h1>\t\t\n\t\t<p><b>&nbsp; Sigle&nbsp; &nbsp; &nbsp; &nbsp; &nbsp; &nbsp; &nbsp; &nbsp; &nbsp;Signification<\/b><\/p><p><\/p>\n<figure>\n<table style=\"background-color: #ededed59;\">\n<tbody>\n<tr>\n<td><strong>APNE<\/strong><\/td>\n<td>Association pour la Protection de la Nature<\/td>\n<\/tr>\n<tr>\n<td><strong>ARS<\/strong><\/td>\n<td>Agence R\u00e9gionale de Sant\u00e9<\/td>\n<\/tr>\n<tr>\n<td><strong>APPB<\/strong><\/td>\n<td>Arrr\u00eat\u00e9s Pr\u00e9fectoraux de Protection des Biotopes<\/td>\n<\/tr>\n<tr>\n<td><strong>ATMO<\/strong><\/td>\n<td>Agence de surveillance de la qualit\u00e9 de l\u2019air<\/td>\n<\/tr>\n<tr>\n<td><strong>BRGM<\/strong><\/td>\n<td>Bureau de Recherches G\u00e9ologiques et Mini\u00e8res<\/td>\n<\/tr>\n<tr>\n<td><strong>CCE<\/strong><\/td>\n<td>Commissions Consultatives de l\u2019Environnement (a\u00e9rodromes par exemple)<\/td>\n<\/tr>\n<tr>\n<td><strong>CDCEA<\/strong><\/td>\n<td>Commission D\u00e9partementale des Consommations d\u2019Espaces Agricoles<\/td>\n<\/tr>\n<tr>\n<td><strong>CDCFS<\/strong><\/td>\n<td>Commission D\u00e9partementale Chasse et Faune Sauvage \u2013 se r\u00e9unit dans les locaux de la DREAL<\/td>\n<\/tr>\n<tr>\n<td><strong>CDNPS<\/strong><\/td>\n<td>Commission D\u00e9partementale de la Nature, des Paysages et des Sites<\/td>\n<\/tr>\n<tr>\n<td><strong>CDOA<\/strong><\/td>\n<td>Commission D\u00e9partementale d\u2019Orientation Agricole<\/td>\n<\/tr>\n<tr>\n<td><strong>CDPENAF<\/strong><\/td>\n<td>Commission D\u00e9partementale de Pr\u00e9servation des Espaces Naturels Agricoles et Forestiers<\/td>\n<\/tr>\n<tr>\n<td><strong>CESEA<\/strong><\/td>\n<td>Conseil Economique Social et Environnemental<\/td>\n<\/tr>\n<tr>\n<td><strong>CGDD<\/strong><\/td>\n<td>Commissariat G\u00e9n\u00e9ral au D\u00e9veloppement Durable<\/td>\n<\/tr>\n<tr>\n<td><strong>CGEDD<\/strong><\/td>\n<td>Conseil g\u00e9n\u00e9ral de l\u2019Environnement et du D\u00e9veloppement Durable<\/td>\n<\/tr>\n<tr>\n<td><strong>CIAPP<\/strong><\/td>\n<td>Conseil International pour la Protection des Pyr\u00e9n\u00e9es<\/td>\n<\/tr>\n<tr>\n<td><strong>CIDO<\/strong><\/td>\n<td>Commission d\u2019Indemnisation des D\u00e9g\u00e2ts des Ours<\/td>\n<\/tr>\n<tr>\n<td><strong>CLE<\/strong><\/td>\n<td>Commission Locale de l\u2019Eau<\/td>\n<\/tr>\n<tr>\n<td><strong>CLI<\/strong><\/td>\n<td>Commission Locale d\u2019Information (centrale nucl\u00e9aire de Golfech par exemple)<\/td>\n<\/tr>\n<tr>\n<td><strong>CLAC<\/strong><\/td>\n<td>Comit\u00e9 L\u00e8ze-Arize Citoyen<\/td>\n<\/tr>\n<tr>\n<td><strong>CLIC<\/strong><\/td>\n<td>Commission Locale d\u2019Information et de Concertation<\/td>\n<\/tr>\n<tr>\n<td><strong>CNPN<\/strong><\/td>\n<td>Conseil National de Protection de la Nature<\/td>\n<\/tr>\n<tr>\n<td><strong>CODERST<\/strong><\/td>\n<td>omit\u00e9 D\u00e9partemental des Risques Sanitaires et Technologiques<\/td>\n<\/tr>\n<tr>\n<td><strong>COPIL<\/strong><\/td>\n<td>COmit\u00e9 de PILotage<\/td>\n<\/tr>\n<tr>\n<td><strong>CRPF<\/strong><\/td>\n<td>Centre R\u00e9gional de la Propri\u00e9t\u00e9 Foresti\u00e8re<\/td>\n<\/tr>\n<tr>\n<td><strong>CSS<\/strong><\/td>\n<td>Comit\u00e9 de Suivi des Sites<\/td>\n<\/tr>\n<tr>\n<td><strong>DAE<\/strong><\/td>\n<td>Document d\u2019Accompagnement de l\u2019Etat<\/td>\n<\/tr>\n<tr>\n<td><b>DOCOB<\/b><\/td>\n<td>DOCuments d\u2019OBjectifs pour la gestion des sites Natura 2000<\/td>\n<\/tr>\n<tr>\n<td><strong>DREAL<\/strong><\/td>\n<td>Direction R\u00e9gionale de l\u2019Environnement, de l\u2019Am\u00e9nagement et du Logement.<\/td>\n<\/tr>\n<tr>\n<td><strong>EPCI<\/strong><\/td>\n<td>Etablissement Public de Coop\u00e9ration Intercommunale<\/td>\n<\/tr>\n<tr>\n<td><strong>ESOD<\/strong><\/td>\n<td>Esp\u00e8ce Susceptible d\u2019Occasionner des D\u00e9g\u00e2ts<\/td>\n<\/tr>\n<tr>\n<td><strong>FNE<\/strong><\/td>\n<td>France Nature Environnement (association nationale)<\/td>\n<\/tr>\n<tr>\n<td><strong>ICPE<\/strong><\/td>\n<td>Installation Class\u00e9e pour la Protection de l\u2019Environnement<\/td>\n<\/tr>\n<tr>\n<td><strong>IPCE<\/strong><\/td>\n<td>Installations class\u00e9es pour la protection de l\u2019environnement<\/td>\n<\/tr>\n<tr>\n<td><strong>MISE<\/strong><\/td>\n<td>La MISE regroupe l\u2019ensemble des services de l\u2019\u00c9tat et les \u00e9tablissements publics assurant des missions dans le domaine de l\u2019eau (Pr\u00e9fecture, DDAF, DDE, DDASS, DRIRE, DIREN, Service Navigation, Conseil Sup\u00e9rieur de la P\u00eache, Agence de l\u2019eau).<\/td>\n<\/tr>\n<tr>\n<td><strong>Natura 2000<\/strong><\/td>\n<td>Natura 2000 concilie pr\u00e9servation de la nature et pr\u00e9occupations socio-\u00e9conomiques<\/td>\n<\/tr>\n<tr>\n<td><strong>OFB<\/strong><\/td>\n<td>Office Fran\u00e7ais de la Biodiversit\u00e9 (anciennement ONCFS)<\/td>\n<\/tr>\n<tr>\n<td><strong>ONEMA<\/strong><\/td>\n<td>Office National de l\u2019Eau et des Milieux Aquatiques<\/td>\n<\/tr>\n<tr>\n<td><strong>PADD<\/strong><\/td>\n<td>Projet d\u2019Am\u00e9nagement et de D\u00e9veloppement Durable<\/td>\n<\/tr>\n<tr>\n<td><strong>PARCE<\/strong><\/td>\n<td>Plan d\u2019Action pour la Restauration de la Continuit\u00e9 \u00c9cologique des cours d\u2019eau<\/td>\n<\/tr>\n<tr>\n<td><strong>PERM<\/strong><\/td>\n<td>Permis Exclusif de Recherche Mini\u00e8re<\/td>\n<\/tr>\n<tr>\n<td><strong>PLUi<\/strong><\/td>\n<td>Plan Local d\u2019Urbanisme intercommunal<\/td>\n<\/tr>\n<tr>\n<td><strong>PNRPA<\/strong><\/td>\n<td>Parc Naturel R\u00e9gional des Pyr\u00e9n\u00e9es Ari\u00e9geoises<\/td>\n<\/tr>\n<tr>\n<td><strong>PPRI<\/strong><\/td>\n<td>Plan de Pr\u00e9vention des Risques Inondation<\/td>\n<\/tr>\n<tr>\n<td><strong>SAGE<\/strong><\/td>\n<td>Sch\u00e9ma d\u2019Am\u00e9nagement et de Gestion de l\u2019Eau<\/td>\n<\/tr>\n<tr>\n<td><strong>SCOT<\/strong><\/td>\n<td>Sch\u00e9ma de Coh\u00e9rence et d\u2019Orientation du Territoire<\/td>\n<\/tr>\n<tr>\n<td><strong>SDAGE<\/strong><\/td>\n<td>Sch\u00e9ma Directeur d\u2019Am\u00e9nagement et de Gestion de l\u2019Eau<\/td>\n<\/tr>\n<tr>\n<td><strong>SDC<\/strong><\/td>\n<td>Sch\u00e9ma D\u00e9partemental des Carri\u00e8res<\/td>\n<\/tr>\n<tr>\n<td><strong>SRCAE<\/strong><\/td>\n<td>Sch\u00e9ma R\u00e9gional Climat Air Energie<\/td>\n<\/tr>\n<tr>\n<td><strong>SRCE<\/strong><\/td>\n<td>Sch\u00e9ma R\u00e9gional de Coh\u00e9rence \u00c9cologique<\/td>\n<\/tr>\n<tr>\n<td><strong>ZNIEFF<\/strong><\/td>\n<td>Zone Naturelle d\u2019Int\u00e9r\u00eat \u00c9cologique, Faunistique et Floristique<\/td>\n<\/tr>\n<\/tbody>\n<\/table>\n<\/figure>\n<p><\/p>\n<p><\/p>\n<p><\/p>","protected":false},"excerpt":{"rendered":"<p>Glossaire &nbsp; Sigle&nbsp; &nbsp; &nbsp; &nbsp; &nbsp; &nbsp; &nbsp; &nbsp; &nbsp;Signification APNE Association pour la Protection de la Nature ARS Agence R\u00e9gionale de Sant\u00e9 APPB Arrr\u00eat\u00e9s Pr\u00e9fectoraux de Protection des Biotopes ATMO Agence de surveillance de la qualit\u00e9 de l\u2019air BRGM Bureau de Recherches G\u00e9ologiques et Mini\u00e8res CCE Commissions Consultatives de l\u2019Environnement (a\u00e9rodromes par exemple)&hellip;&nbsp;<a href=\"https:\/\/comite-ecologique-ariegeois.org\/?page_id=351\" rel=\"bookmark\">Lire la suite &raquo;<span class=\"screen-reader-text\">Glossaire<\/span><\/a><\/p>\n","protected":false},"author":2,"featured_media":0,"parent":0,"menu_order":0,"comment_status":"closed","ping_status":"closed","template":"","meta":{"neve_meta_sidebar":"","neve_meta_container":"","neve_meta_enable_content_width":"","neve_meta_content_width":0,"neve_meta_title_alignment":"","neve_meta_author_avatar":"","neve_post_elements_order":"","neve_meta_disable_header":"","neve_meta_disable_footer":"","neve_meta_disable_title":"","footnotes":""},"class_list":["post-351","page","type-page","status-publish","hentry"],"yoast_head":"<!-- This site is optimized with the Yoast SEO plugin v26.4 - https:\/\/yoast.com\/wordpress\/plugins\/seo\/ -->\n<title>Glossaire - Comit\u00e9 Ecologique Ari\u00e8geois<\/title>\n<meta name=\"robots\" content=\"index, follow, max-snippet:-1, max-image-preview:large, max-video-preview:-1\" \/>\n<link rel=\"canonical\" href=\"https:\/\/comite-ecologique-ariegeois.org\/?page_id=351\" \/>\n<meta property=\"og:locale\" content=\"fr_FR\" \/>\n<meta property=\"og:type\" content=\"article\" \/>\n<meta property=\"og:title\" content=\"Glossaire - Comit\u00e9 Ecologique Ari\u00e8geois\" \/>\n<meta property=\"og:description\" content=\"Glossaire &nbsp; Sigle&nbsp; &nbsp; &nbsp; &nbsp; &nbsp; &nbsp; &nbsp; &nbsp; &nbsp;Signification APNE Association pour la Protection de la Nature ARS Agence R\u00e9gionale de Sant\u00e9 APPB Arrr\u00eat\u00e9s Pr\u00e9fectoraux de Protection des Biotopes ATMO Agence de surveillance de la qualit\u00e9 de l\u2019air BRGM Bureau de Recherches G\u00e9ologiques et Mini\u00e8res CCE Commissions Consultatives de l\u2019Environnement (a\u00e9rodromes par exemple)&hellip;&nbsp;Lire la suite &raquo;Glossaire\" \/>\n<meta property=\"og:url\" content=\"https:\/\/comite-ecologique-ariegeois.org\/?page_id=351\" \/>\n<meta property=\"og:site_name\" content=\"Comit\u00e9 Ecologique Ari\u00e8geois\" \/>\n<meta property=\"article:publisher\" content=\"https:\/\/www.facebook.com\/comite.ariegeois\/\" \/>\n<meta property=\"article:modified_time\" content=\"2025-01-06T21:28:06+00:00\" \/>\n<meta name=\"twitter:card\" content=\"summary_large_image\" \/>\n<meta name=\"twitter:label1\" content=\"Dur\u00e9e de lecture estim\u00e9e\" \/>\n\t<meta name=\"twitter:data1\" content=\"3 minutes\" \/>\n<script type=\"application\/ld+json\" class=\"yoast-schema-graph\">{\"@context\":\"https:\/\/schema.org\",\"@graph\":[{\"@type\":\"WebPage\",\"@id\":\"https:\/\/comite-ecologique-ariegeois.org\/?page_id=351\",\"url\":\"https:\/\/comite-ecologique-ariegeois.org\/?page_id=351\",\"name\":\"Glossaire - Comit\u00e9 Ecologique Ari\u00e8geois\",\"isPartOf\":{\"@id\":\"https:\/\/comite-ecologique-ariegeois.org\/#website\"},\"datePublished\":\"2024-07-31T14:49:00+00:00\",\"dateModified\":\"2025-01-06T21:28:06+00:00\",\"breadcrumb\":{\"@id\":\"https:\/\/comite-ecologique-ariegeois.org\/?page_id=351#breadcrumb\"},\"inLanguage\":\"fr-FR\",\"potentialAction\":[{\"@type\":\"ReadAction\",\"target\":[\"https:\/\/comite-ecologique-ariegeois.org\/?page_id=351\"]}]},{\"@type\":\"BreadcrumbList\",\"@id\":\"https:\/\/comite-ecologique-ariegeois.org\/?page_id=351#breadcrumb\",\"itemListElement\":[{\"@type\":\"ListItem\",\"position\":1,\"name\":\"Accueil\",\"item\":\"https:\/\/comite-ecologique-ariegeois.org\/\"},{\"@type\":\"ListItem\",\"position\":2,\"name\":\"Glossaire\"}]},{\"@type\":\"WebSite\",\"@id\":\"https:\/\/comite-ecologique-ariegeois.org\/#website\",\"url\":\"https:\/\/comite-ecologique-ariegeois.org\/\",\"name\":\"Comit\u00e9 Ecologique Ari\u00e8geois\",\"description\":\"Assotiation de protection de la nature\",\"publisher\":{\"@id\":\"https:\/\/comite-ecologique-ariegeois.org\/#organization\"},\"potentialAction\":[{\"@type\":\"SearchAction\",\"target\":{\"@type\":\"EntryPoint\",\"urlTemplate\":\"https:\/\/comite-ecologique-ariegeois.org\/?s={search_term_string}\"},\"query-input\":{\"@type\":\"PropertyValueSpecification\",\"valueRequired\":true,\"valueName\":\"search_term_string\"}}],\"inLanguage\":\"fr-FR\"},{\"@type\":\"Organization\",\"@id\":\"https:\/\/comite-ecologique-ariegeois.org\/#organization\",\"name\":\"Comit\u00e9 Ecologique Ari\u00e8geois\",\"url\":\"https:\/\/comite-ecologique-ariegeois.org\/\",\"logo\":{\"@type\":\"ImageObject\",\"inLanguage\":\"fr-FR\",\"@id\":\"https:\/\/comite-ecologique-ariegeois.org\/#\/schema\/logo\/image\/\",\"url\":\"https:\/\/comite-ecologique-ariegeois.org\/wp-content\/uploads\/2025\/01\/logo_nouveau_cea_jpeg_250pix_02_03_24-a8816.jpg\",\"contentUrl\":\"https:\/\/comite-ecologique-ariegeois.org\/wp-content\/uploads\/2025\/01\/logo_nouveau_cea_jpeg_250pix_02_03_24-a8816.jpg\",\"width\":250,\"height\":250,\"caption\":\"Comit\u00e9 Ecologique Ari\u00e8geois\"},\"image\":{\"@id\":\"https:\/\/comite-ecologique-ariegeois.org\/#\/schema\/logo\/image\/\"},\"sameAs\":[\"https:\/\/www.facebook.com\/comite.ariegeois\/\",\"https:\/\/www.instagram.com\/comite.ecologique.ariegeois\/\"]}]}<\/script>\n<!-- \/ Yoast SEO plugin. -->","yoast_head_json":{"title":"Glossaire - Comit\u00e9 Ecologique Ari\u00e8geois","robots":{"index":"index","follow":"follow","max-snippet":"max-snippet:-1","max-image-preview":"max-image-preview:large","max-video-preview":"max-video-preview:-1"},"canonical":"https:\/\/comite-ecologique-ariegeois.org\/?page_id=351","og_locale":"fr_FR","og_type":"article","og_title":"Glossaire - Comit\u00e9 Ecologique Ari\u00e8geois","og_description":"Glossaire &nbsp; Sigle&nbsp; &nbsp; &nbsp; &nbsp; &nbsp; &nbsp; &nbsp; &nbsp; &nbsp;Signification APNE Association pour la Protection de la Nature ARS Agence R\u00e9gionale de Sant\u00e9 APPB Arrr\u00eat\u00e9s Pr\u00e9fectoraux de Protection des Biotopes ATMO Agence de surveillance de la qualit\u00e9 de l\u2019air BRGM Bureau de Recherches G\u00e9ologiques et Mini\u00e8res CCE Commissions Consultatives de l\u2019Environnement (a\u00e9rodromes par exemple)&hellip;&nbsp;Lire la suite &raquo;Glossaire","og_url":"https:\/\/comite-ecologique-ariegeois.org\/?page_id=351","og_site_name":"Comit\u00e9 Ecologique Ari\u00e8geois","article_publisher":"https:\/\/www.facebook.com\/comite.ariegeois\/","article_modified_time":"2025-01-06T21:28:06+00:00","twitter_card":"summary_large_image","twitter_misc":{"Dur\u00e9e de lecture estim\u00e9e":"3 minutes"},"schema":{"@context":"https:\/\/schema.org","@graph":[{"@type":"WebPage","@id":"https:\/\/comite-ecologique-ariegeois.org\/?page_id=351","url":"https:\/\/comite-ecologique-ariegeois.org\/?page_id=351","name":"Glossaire - Comit\u00e9 Ecologique Ari\u00e8geois","isPartOf":{"@id":"https:\/\/comite-ecologique-ariegeois.org\/#website"},"datePublished":"2024-07-31T14:49:00+00:00","dateModified":"2025-01-06T21:28:06+00:00","breadcrumb":{"@id":"https:\/\/comite-ecologique-ariegeois.org\/?page_id=351#breadcrumb"},"inLanguage":"fr-FR","potentialAction":[{"@type":"ReadAction","target":["https:\/\/comite-ecologique-ariegeois.org\/?page_id=351"]}]},{"@type":"BreadcrumbList","@id":"https:\/\/comite-ecologique-ariegeois.org\/?page_id=351#breadcrumb","itemListElement":[{"@type":"ListItem","position":1,"name":"Accueil","item":"https:\/\/comite-ecologique-ariegeois.org\/"},{"@type":"ListItem","position":2,"name":"Glossaire"}]},{"@type":"WebSite","@id":"https:\/\/comite-ecologique-ariegeois.org\/#website","url":"https:\/\/comite-ecologique-ariegeois.org\/","name":"Comit\u00e9 Ecologique Ari\u00e8geois","description":"Assotiation de protection de la nature","publisher":{"@id":"https:\/\/comite-ecologique-ariegeois.org\/#organization"},"potentialAction":[{"@type":"SearchAction","target":{"@type":"EntryPoint","urlTemplate":"https:\/\/comite-ecologique-ariegeois.org\/?s={search_term_string}"},"query-input":{"@type":"PropertyValueSpecification","valueRequired":true,"valueName":"search_term_string"}}],"inLanguage":"fr-FR"},{"@type":"Organization","@id":"https:\/\/comite-ecologique-ariegeois.org\/#organization","name":"Comit\u00e9 Ecologique Ari\u00e8geois","url":"https:\/\/comite-ecologique-ariegeois.org\/","logo":{"@type":"ImageObject","inLanguage":"fr-FR","@id":"https:\/\/comite-ecologique-ariegeois.org\/#\/schema\/logo\/image\/","url":"https:\/\/comite-ecologique-ariegeois.org\/wp-content\/uploads\/2025\/01\/logo_nouveau_cea_jpeg_250pix_02_03_24-a8816.jpg","contentUrl":"https:\/\/comite-ecologique-ariegeois.org\/wp-content\/uploads\/2025\/01\/logo_nouveau_cea_jpeg_250pix_02_03_24-a8816.jpg","width":250,"height":250,"caption":"Comit\u00e9 Ecologique Ari\u00e8geois"},"image":{"@id":"https:\/\/comite-ecologique-ariegeois.org\/#\/schema\/logo\/image\/"},"sameAs":["https:\/\/www.facebook.com\/comite.ariegeois\/","https:\/\/www.instagram.com\/comite.ecologique.ariegeois\/"]}]}},"_links":{"self":[{"href":"https:\/\/comite-ecologique-ariegeois.org\/index.php?rest_route=\/wp\/v2\/pages\/351","targetHints":{"allow":["GET"]}}],"collection":[{"href":"https:\/\/comite-ecologique-ariegeois.org\/index.php?rest_route=\/wp\/v2\/pages"}],"about":[{"href":"https:\/\/comite-ecologique-ariegeois.org\/index.php?rest_route=\/wp\/v2\/types\/page"}],"author":[{"embeddable":true,"href":"https:\/\/comite-ecologique-ariegeois.org\/index.php?rest_route=\/wp\/v2\/users\/2"}],"replies":[{"embeddable":true,"href":"https:\/\/comite-ecologique-ariegeois.org\/index.php?rest_route=%2Fwp%2Fv2%2Fcomments&post=351"}],"version-history":[{"count":38,"href":"https:\/\/comite-ecologique-ariegeois.org\/index.php?rest_route=\/wp\/v2\/pages\/351\/revisions"}],"predecessor-version":[{"id":7661,"href":"https:\/\/comite-ecologique-ariegeois.org\/index.php?rest_route=\/wp\/v2\/pages\/351\/revisions\/7661"}],"wp:attachment":[{"href":"https:\/\/comite-ecologique-ariegeois.org\/index.php?rest_route=%2Fwp%2Fv2%2Fmedia&parent=351"}],"curies":[{"name":"wp","href":"https:\/\/api.w.org\/{rel}","templated":true}]}}